{"id":2,"date":"2023-10-20T10:44:33","date_gmt":"2023-10-20T08:44:33","guid":{"rendered":"http:\/\/192.168.52.135\/wordpress\/?page_id=2"},"modified":"2025-06-17T11:22:10","modified_gmt":"2025-06-17T09:22:10","slug":"beispiel-seite","status":"publish","type":"page","link":"https:\/\/geodaten.lwk-rlp.de\/wordpress\/","title":{"rendered":"Startseite"},"content":{"rendered":"\t\t<div data-elementor-type=\"wp-page\" data-elementor-id=\"2\" class=\"elementor elementor-2\">\n\t\t\t\t<div class=\"elementor-element elementor-element-9653189 e-flex e-con-boxed e-con e-parent\" data-id=\"9653189\" data-element_type=\"container\">\n\t\t\t\t\t<div class=\"e-con-inner\">\n\t\t\t\t<div class=\"elementor-element elementor-element-f9e50b0 elementor-widget elementor-widget-text-editor\" data-id=\"f9e50b0\" data-element_type=\"widget\" data-widget_type=\"text-editor.default\">\n\t\t\t\t<div class=\"elementor-widget-container\">\n\t\t\t\t\t\t\t\t\t<h3>GeoDaten-LWK ist der zentrale Zugangsknoten zu Geodaten, Karten, Kartendienste und Anwendungen aus verschiedenen Bereichen der LWK. <br \/>Diverse Karten zu unterschiedlichen Themen k\u00f6nnen betrachtet und Informationen hierzu abgerufen werden. Es gibt Suchfunktionen, die M\u00f6glichkeit Kartenausschnitte zu drucken und vieles mehr.<\/h3>\t\t\t\t\t\t\t\t<\/div>\n\t\t\t\t<\/div>\n\t\t\t\t<div class=\"elementor-element elementor-element-82d9189 elementor-widget-divider--view-line elementor-widget elementor-widget-divider\" data-id=\"82d9189\" data-element_type=\"widget\" data-widget_type=\"divider.default\">\n\t\t\t\t<div class=\"elementor-widget-container\">\n\t\t\t\t\t\t\t<div class=\"elementor-divider\">\n\t\t\t<span class=\"elementor-divider-separator\">\n\t\t\t\t\t\t<\/span>\n\t\t<\/div>\n\t\t\t\t\t\t<\/div>\n\t\t\t\t<\/div>\n\t\t\t\t<div class=\"elementor-element elementor-element-ac5f9a0 elementor-widget elementor-widget-heading\" data-id=\"ac5f9a0\" data-element_type=\"widget\" data-widget_type=\"heading.default\">\n\t\t\t\t<div class=\"elementor-widget-container\">\n\t\t\t\t\t<h2 class=\"elementor-heading-title elementor-size-default\">Kartenthemen:\n\n<\/h2>\t\t\t\t<\/div>\n\t\t\t\t<\/div>\n\t\t\t\t\t<\/div>\n\t\t\t\t<\/div>\n\t\t<div class=\"elementor-element elementor-element-ecb1ad9 e-flex e-con-boxed e-con e-parent\" data-id=\"ecb1ad9\" data-element_type=\"container\">\n\t\t\t\t\t<div class=\"e-con-inner\">\n\t\t<div class=\"elementor-element elementor-element-6467e92 e-con-full e-flex e-con e-child\" data-id=\"6467e92\" data-element_type=\"container\">\n\t\t\t\t<div class=\"elementor-element elementor-element-bf2dd98 elementor-widget__width-initial elementor-widget elementor-widget-image\" data-id=\"bf2dd98\" data-element_type=\"widget\" data-widget_type=\"image.default\">\n\t\t\t\t<div class=\"elementor-widget-container\">\n\t\t\t\t\t\t\t\t\t\t\t\t\t\t\t\t<a href=\"https:\/\/geodaten.lwk-rlp.de\/mapbender\/application\/gg_weinbau\" target=\"_blank\">\n\t\t\t\t\t\t\t<img fetchpriority=\"high\" decoding=\"async\" width=\"768\" height=\"284\" src=\"https:\/\/geodaten.lwk-rlp.de\/wordpress\/wp-content\/uploads\/2024\/11\/ICON_WEINBAU-768x284.png\" class=\"elementor-animation-grow attachment-medium_large size-medium_large wp-image-917\" alt=\"\" srcset=\"https:\/\/geodaten.lwk-rlp.de\/wordpress\/wp-content\/uploads\/2024\/11\/ICON_WEINBAU-768x284.png 768w, https:\/\/geodaten.lwk-rlp.de\/wordpress\/wp-content\/uploads\/2024\/11\/ICON_WEINBAU-300x111.png 300w, https:\/\/geodaten.lwk-rlp.de\/wordpress\/wp-content\/uploads\/2024\/11\/ICON_WEINBAU-1024x379.png 1024w, https:\/\/geodaten.lwk-rlp.de\/wordpress\/wp-content\/uploads\/2024\/11\/ICON_WEINBAU-1536x569.png 1536w, https:\/\/geodaten.lwk-rlp.de\/wordpress\/wp-content\/uploads\/2024\/11\/ICON_WEINBAU-2048x758.png 2048w\" sizes=\"(max-width: 768px) 100vw, 768px\" \/>\t\t\t\t\t\t\t\t<\/a>\n\t\t\t\t\t\t\t\t\t\t\t\t\t\t\t<\/div>\n\t\t\t\t<\/div>\n\t\t\t\t<div class=\"elementor-element elementor-element-c840d3e elementor-widget__width-initial elementor-widget elementor-widget-text-editor\" data-id=\"c840d3e\" data-element_type=\"widget\" data-widget_type=\"text-editor.default\">\n\t\t\t\t<div class=\"elementor-widget-container\">\n\t\t\t\t\t\t\t\t\t<h1 style=\"text-align: left;\"><a href=\"https:\/\/geodaten.lwk-rlp.de\/mapbender\/application\/gg_weinbau\" target=\"_blank\" rel=\"noopener\"><strong>Geodaten f\u00fcr den Weinbau<\/strong><\/a><\/h1>\t\t\t\t\t\t\t\t<\/div>\n\t\t\t\t<\/div>\n\t\t\t\t<\/div>\n\t\t<div class=\"elementor-element elementor-element-4e73f19 e-con-full e-flex e-con e-child\" data-id=\"4e73f19\" data-element_type=\"container\">\n\t\t\t\t<div class=\"elementor-element elementor-element-c5bb8f1 elementor-widget__width-initial elementor-widget elementor-widget-image\" data-id=\"c5bb8f1\" data-element_type=\"widget\" data-widget_type=\"image.default\">\n\t\t\t\t<div class=\"elementor-widget-container\">\n\t\t\t\t\t\t\t\t\t\t\t\t\t\t\t\t<a href=\"https:\/\/geodaten.lwk-rlp.de\/mapbender\/application\/gg_rebschulkataster\" target=\"_blank\">\n\t\t\t\t\t\t\t<img decoding=\"async\" width=\"768\" height=\"284\" src=\"https:\/\/geodaten.lwk-rlp.de\/wordpress\/wp-content\/uploads\/2025\/01\/ICON_REBSCHULE-768x284.png\" class=\"elementor-animation-grow attachment-medium_large size-medium_large wp-image-1029\" alt=\"\" srcset=\"https:\/\/geodaten.lwk-rlp.de\/wordpress\/wp-content\/uploads\/2025\/01\/ICON_REBSCHULE-768x284.png 768w, https:\/\/geodaten.lwk-rlp.de\/wordpress\/wp-content\/uploads\/2025\/01\/ICON_REBSCHULE-300x111.png 300w, https:\/\/geodaten.lwk-rlp.de\/wordpress\/wp-content\/uploads\/2025\/01\/ICON_REBSCHULE-1024x379.png 1024w, https:\/\/geodaten.lwk-rlp.de\/wordpress\/wp-content\/uploads\/2025\/01\/ICON_REBSCHULE-1536x569.png 1536w, https:\/\/geodaten.lwk-rlp.de\/wordpress\/wp-content\/uploads\/2025\/01\/ICON_REBSCHULE-2048x758.png 2048w\" sizes=\"(max-width: 768px) 100vw, 768px\" \/>\t\t\t\t\t\t\t\t<\/a>\n\t\t\t\t\t\t\t\t\t\t\t\t\t\t\t<\/div>\n\t\t\t\t<\/div>\n\t\t\t\t<div class=\"elementor-element elementor-element-208b3af elementor-widget__width-initial elementor-widget elementor-widget-text-editor\" data-id=\"208b3af\" data-element_type=\"widget\" data-widget_type=\"text-editor.default\">\n\t\t\t\t<div class=\"elementor-widget-container\">\n\t\t\t\t\t\t\t\t\t<h1 style=\"text-align: left;\"><a href=\"https:\/\/geodaten.lwk-rlp.de\/mapbender\/application\/gg_rebschulkataster\" target=\"_blank\" rel=\"noopener\"><strong>Rebschulkataster<\/strong><\/a><\/h1><p>(Login erforderlich)<\/p>\t\t\t\t\t\t\t\t<\/div>\n\t\t\t\t<\/div>\n\t\t\t\t<\/div>\n\t\t<div class=\"elementor-element elementor-element-5e41c5e e-con-full e-flex e-con e-child\" data-id=\"5e41c5e\" data-element_type=\"container\">\n\t\t<div class=\"elementor-element elementor-element-dc03e15 e-con-full e-flex e-con e-child\" data-id=\"dc03e15\" data-element_type=\"container\">\n\t\t\t\t<div class=\"elementor-element elementor-element-a88ff90 elementor-widget__width-initial elementor-widget elementor-widget-text-editor\" data-id=\"a88ff90\" data-element_type=\"widget\" data-widget_type=\"text-editor.default\">\n\t\t\t\t<div class=\"elementor-widget-container\">\n\t\t\t\t\t\t\t\t\t<h1 style=\"text-align: left;\"><strong>Geodaten f\u00fcr den Weinbau &#8211; Mobile Versionen:<\/strong><\/h1>\t\t\t\t\t\t\t\t<\/div>\n\t\t\t\t<\/div>\n\t\t\t\t<\/div>\n\t\t<div class=\"elementor-element elementor-element-aafcc08 e-con-full e-flex e-con e-child\" data-id=\"aafcc08\" data-element_type=\"container\">\n\t\t<div class=\"elementor-element elementor-element-a829082 e-con-full e-flex e-con e-child\" data-id=\"a829082\" data-element_type=\"container\">\n\t\t\t\t<div class=\"elementor-element elementor-element-dd1bffb elementor-widget__width-initial elementor-widget elementor-widget-image\" data-id=\"dd1bffb\" data-element_type=\"widget\" data-widget_type=\"image.default\">\n\t\t\t\t<div class=\"elementor-widget-container\">\n\t\t\t\t\t\t\t\t\t\t\t\t\t\t\t\t<a href=\"https:\/\/geodaten.lwk-rlp.de\/mapbender\/application\/gg_wein_mobil\" target=\"_blank\">\n\t\t\t\t\t\t\t<img fetchpriority=\"high\" decoding=\"async\" width=\"768\" height=\"284\" src=\"https:\/\/geodaten.lwk-rlp.de\/wordpress\/wp-content\/uploads\/2024\/11\/ICON_WEINBAU-768x284.png\" class=\"elementor-animation-grow attachment-medium_large size-medium_large wp-image-917\" alt=\"\" srcset=\"https:\/\/geodaten.lwk-rlp.de\/wordpress\/wp-content\/uploads\/2024\/11\/ICON_WEINBAU-768x284.png 768w, https:\/\/geodaten.lwk-rlp.de\/wordpress\/wp-content\/uploads\/2024\/11\/ICON_WEINBAU-300x111.png 300w, https:\/\/geodaten.lwk-rlp.de\/wordpress\/wp-content\/uploads\/2024\/11\/ICON_WEINBAU-1024x379.png 1024w, https:\/\/geodaten.lwk-rlp.de\/wordpress\/wp-content\/uploads\/2024\/11\/ICON_WEINBAU-1536x569.png 1536w, https:\/\/geodaten.lwk-rlp.de\/wordpress\/wp-content\/uploads\/2024\/11\/ICON_WEINBAU-2048x758.png 2048w\" sizes=\"(max-width: 768px) 100vw, 768px\" \/>\t\t\t\t\t\t\t\t<\/a>\n\t\t\t\t\t\t\t\t\t\t\t\t\t\t\t<\/div>\n\t\t\t\t<\/div>\n\t\t\t\t<div class=\"elementor-element elementor-element-ad3541b elementor-widget__width-initial elementor-widget elementor-widget-text-editor\" data-id=\"ad3541b\" data-element_type=\"widget\" data-widget_type=\"text-editor.default\">\n\t\t\t\t<div class=\"elementor-widget-container\">\n\t\t\t\t\t\t\t\t\t<h1 style=\"text-align: left;\">Mobile Version: <a href=\"https:\/\/geodaten.lwk-rlp.de\/mapbender\/application\/gg_wein_mobil\" target=\"_blank\" rel=\"noopener\"><strong>Geodaten f\u00fcr den Weinbau<\/strong><\/a><\/h1>\t\t\t\t\t\t\t\t<\/div>\n\t\t\t\t<\/div>\n\t\t\t\t<\/div>\n\t\t<div class=\"elementor-element elementor-element-6cf0d83 e-con-full e-flex e-con e-child\" data-id=\"6cf0d83\" data-element_type=\"container\">\n\t\t\t\t<div class=\"elementor-element elementor-element-b09d2ce elementor-widget__width-initial elementor-widget elementor-widget-image\" data-id=\"b09d2ce\" data-element_type=\"widget\" data-widget_type=\"image.default\">\n\t\t\t\t<div class=\"elementor-widget-container\">\n\t\t\t\t\t\t\t\t\t\t\t\t\t\t\t\t<a href=\"https:\/\/geodaten.lwk-rlp.de\/mapbender\/application\/gg_rebschulkataster_mobil\" target=\"_blank\">\n\t\t\t\t\t\t\t<img decoding=\"async\" width=\"768\" height=\"284\" src=\"https:\/\/geodaten.lwk-rlp.de\/wordpress\/wp-content\/uploads\/2025\/01\/ICON_REBSCHULE-768x284.png\" class=\"elementor-animation-grow attachment-medium_large size-medium_large wp-image-1029\" alt=\"\" srcset=\"https:\/\/geodaten.lwk-rlp.de\/wordpress\/wp-content\/uploads\/2025\/01\/ICON_REBSCHULE-768x284.png 768w, https:\/\/geodaten.lwk-rlp.de\/wordpress\/wp-content\/uploads\/2025\/01\/ICON_REBSCHULE-300x111.png 300w, https:\/\/geodaten.lwk-rlp.de\/wordpress\/wp-content\/uploads\/2025\/01\/ICON_REBSCHULE-1024x379.png 1024w, https:\/\/geodaten.lwk-rlp.de\/wordpress\/wp-content\/uploads\/2025\/01\/ICON_REBSCHULE-1536x569.png 1536w, https:\/\/geodaten.lwk-rlp.de\/wordpress\/wp-content\/uploads\/2025\/01\/ICON_REBSCHULE-2048x758.png 2048w\" sizes=\"(max-width: 768px) 100vw, 768px\" \/>\t\t\t\t\t\t\t\t<\/a>\n\t\t\t\t\t\t\t\t\t\t\t\t\t\t\t<\/div>\n\t\t\t\t<\/div>\n\t\t\t\t<div class=\"elementor-element elementor-element-822304b elementor-widget__width-initial elementor-widget elementor-widget-text-editor\" data-id=\"822304b\" data-element_type=\"widget\" data-widget_type=\"text-editor.default\">\n\t\t\t\t<div class=\"elementor-widget-container\">\n\t\t\t\t\t\t\t\t\t<h1 style=\"text-align: left;\">Mobile Version: <a href=\"https:\/\/geodaten.lwk-rlp.de\/mapbender\/application\/gg_rebschulkataster_mobil\" target=\"_blank\" rel=\"noopener\"><strong>Rebschulkataster<\/strong><\/a><\/h1><p>(Login erforderlich)<\/p>\t\t\t\t\t\t\t\t<\/div>\n\t\t\t\t<\/div>\n\t\t\t\t<\/div>\n\t\t\t\t<\/div>\n\t\t\t\t<\/div>\n\t\t\t\t\t<\/div>\n\t\t\t\t<\/div>\n\t\t\t\t<\/div>\n\t\t","protected":false},"excerpt":{"rendered":"<p>GeoDaten-LWK ist der zentrale Zugangsknoten zu Geodaten, Karten, Kartendienste und Anwendungen aus verschiedenen Bereichen der LWK. Diverse Karten zu unterschiedlichen Themen k\u00f6nnen betrachtet und Informationen hierzu abgerufen werden. Es gibt Suchfunktionen, die M\u00f6glichkeit Kartenausschnitte zu drucken und vieles mehr. Kartenthemen: Geodaten f\u00fcr den Weinbau Rebschulkataster (Login erforderlich) Geodaten f\u00fcr den Weinbau &#8211; Mobile Versionen: Mobile [&hellip;]<\/p>\n","protected":false},"author":1,"featured_media":0,"parent":0,"menu_order":0,"comment_status":"closed","ping_status":"open","template":"","meta":{"ocean_post_layout":"","ocean_both_sidebars_style":"","ocean_both_sidebars_content_width":0,"ocean_both_sidebars_sidebars_width":0,"ocean_sidebar":"","ocean_second_sidebar":"","ocean_disable_margins":"enable","ocean_add_body_class":"","ocean_shortcode_before_top_bar":"","ocean_shortcode_after_top_bar":"","ocean_shortcode_before_header":"","ocean_shortcode_after_header":"","ocean_has_shortcode":"","ocean_shortcode_after_title":"","ocean_shortcode_before_footer_widgets":"","ocean_shortcode_after_footer_widgets":"","ocean_shortcode_before_footer_bottom":"","ocean_shortcode_after_footer_bottom":"","ocean_display_top_bar":"on","ocean_display_header":"on","ocean_header_style":"","ocean_center_header_left_menu":"","ocean_custom_header_template":"","ocean_custom_logo":137,"ocean_custom_retina_logo":0,"ocean_custom_logo_max_width":600,"ocean_custom_logo_tablet_max_width":0,"ocean_custom_logo_mobile_max_width":0,"ocean_custom_logo_max_height":0,"ocean_custom_logo_tablet_max_height":0,"ocean_custom_logo_mobile_max_height":0,"ocean_header_custom_menu":"19","ocean_menu_typo_font_family":"","ocean_menu_typo_font_subset":"","ocean_menu_typo_font_size":26,"ocean_menu_typo_font_size_tablet":0,"ocean_menu_typo_font_size_mobile":0,"ocean_menu_typo_font_size_unit":"px","ocean_menu_typo_font_weight":"","ocean_menu_typo_font_weight_tablet":"","ocean_menu_typo_font_weight_mobile":"","ocean_menu_typo_transform":"","ocean_menu_typo_transform_tablet":"","ocean_menu_typo_transform_mobile":"","ocean_menu_typo_line_height":0,"ocean_menu_typo_line_height_tablet":0,"ocean_menu_typo_line_height_mobile":0,"ocean_menu_typo_line_height_unit":"","ocean_menu_typo_spacing":0,"ocean_menu_typo_spacing_tablet":0,"ocean_menu_typo_spacing_mobile":0,"ocean_menu_typo_spacing_unit":"","ocean_menu_link_color":"","ocean_menu_link_color_hover":"","ocean_menu_link_color_active":"#a4a0a0e0","ocean_menu_link_background":"","ocean_menu_link_hover_background":"","ocean_menu_link_active_background":"","ocean_menu_social_links_bg":"","ocean_menu_social_hover_links_bg":"","ocean_menu_social_links_color":"","ocean_menu_social_hover_links_color":"","ocean_disable_title":"enable","ocean_disable_heading":"on","ocean_post_title":"","ocean_post_subheading":"","ocean_post_title_style":"","ocean_post_title_background_color":"","ocean_post_title_background":0,"ocean_post_title_bg_image_position":"","ocean_post_title_bg_image_attachment":"","ocean_post_title_bg_image_repeat":"","ocean_post_title_bg_image_size":"","ocean_post_title_height":0,"ocean_post_title_bg_overlay":0.5,"ocean_post_title_bg_overlay_color":"","ocean_disable_breadcrumbs":"default","ocean_breadcrumbs_color":"","ocean_breadcrumbs_separator_color":"","ocean_breadcrumbs_links_color":"","ocean_breadcrumbs_links_hover_color":"","ocean_display_footer_widgets":"on","ocean_display_footer_bottom":"default","ocean_custom_footer_template":"","footnotes":""},"class_list":["post-2","page","type-page","status-publish","hentry","entry"],"_links":{"self":[{"href":"https:\/\/geodaten.lwk-rlp.de\/wordpress\/index.php?rest_route=\/wp\/v2\/pages\/2","targetHints":{"allow":["GET"]}}],"collection":[{"href":"https:\/\/geodaten.lwk-rlp.de\/wordpress\/index.php?rest_route=\/wp\/v2\/pages"}],"about":[{"href":"https:\/\/geodaten.lwk-rlp.de\/wordpress\/index.php?rest_route=\/wp\/v2\/types\/page"}],"author":[{"embeddable":true,"href":"https:\/\/geodaten.lwk-rlp.de\/wordpress\/index.php?rest_route=\/wp\/v2\/users\/1"}],"replies":[{"embeddable":true,"href":"https:\/\/geodaten.lwk-rlp.de\/wordpress\/index.php?rest_route=%2Fwp%2Fv2%2Fcomments&post=2"}],"version-history":[{"count":275,"href":"https:\/\/geodaten.lwk-rlp.de\/wordpress\/index.php?rest_route=\/wp\/v2\/pages\/2\/revisions"}],"predecessor-version":[{"id":1108,"href":"https:\/\/geodaten.lwk-rlp.de\/wordpress\/index.php?rest_route=\/wp\/v2\/pages\/2\/revisions\/1108"}],"wp:attachment":[{"href":"https:\/\/geodaten.lwk-rlp.de\/wordpress\/index.php?rest_route=%2Fwp%2Fv2%2Fmedia&parent=2"}],"curies":[{"name":"wp","href":"https:\/\/api.w.org\/{rel}","templated":true}]}}