{"id":347,"date":"2023-10-26T15:31:14","date_gmt":"2023-10-26T13:31:14","guid":{"rendered":"http:\/\/192.168.52.135\/wordpress\/?page_id=347"},"modified":"2025-01-28T09:01:07","modified_gmt":"2025-01-28T08:01:07","slug":"navigation","status":"publish","type":"page","link":"https:\/\/geodaten.lwk-rlp.de\/wordpress\/?page_id=347","title":{"rendered":"Navigation"},"content":{"rendered":"\t\t<div data-elementor-type=\"wp-page\" data-elementor-id=\"347\" class=\"elementor elementor-347\">\n\t\t\t\t<div class=\"elementor-element elementor-element-404abff2 e-flex e-con-boxed e-con e-parent\" data-id=\"404abff2\" data-element_type=\"container\">\n\t\t\t\t\t<div class=\"e-con-inner\">\n\t\t\t\t<div class=\"elementor-element elementor-element-5cad741e elementor-widget elementor-widget-text-editor\" data-id=\"5cad741e\" data-element_type=\"widget\" data-widget_type=\"text-editor.default\">\n\t\t\t\t<div class=\"elementor-widget-container\">\n\t\t\t\t\t\t\t\t\t\n<h2>Kartenausschnitt anpassen<\/h2>\n\t\t\t\t\t\t\t\t<\/div>\n\t\t\t\t<\/div>\n\t\t\t\t<div class=\"elementor-element elementor-element-9d14110 elementor-widget elementor-widget-text-editor\" data-id=\"9d14110\" data-element_type=\"widget\" data-widget_type=\"text-editor.default\">\n\t\t\t\t<div class=\"elementor-widget-container\">\n\t\t\t\t\t\t\t\t\t<h4>Vereinfachte Anpassungsm\u00f6glichkeiten:<\/h4>\n<h5>Zoom vergr\u00f6\u00dfern \/ verkleinern per Mausrad<\/h5>\n<h5>Verschieben des Kartenausschnitts durch<\/h5>\n<ul>\n<li>klick mit linker Maustaste in Karte und halten<\/li>\n<li>verschieben in gew\u00fcnschte Richtung<\/li>\n<\/ul>\t\t\t\t\t\t\t\t<\/div>\n\t\t\t\t<\/div>\n\t\t<div class=\"elementor-element elementor-element-852ca02 e-flex e-con-boxed e-con e-child\" data-id=\"852ca02\" data-element_type=\"container\">\n\t\t\t\t\t<div class=\"e-con-inner\">\n\t\t\t\t<div class=\"elementor-element elementor-element-74f0402 elementor-widget elementor-widget-image\" data-id=\"74f0402\" data-element_type=\"widget\" data-widget_type=\"image.default\">\n\t\t\t\t<div class=\"elementor-widget-container\">\n\t\t\t\t\t\t\t\t\t\t\t\t\t\t\t<img decoding=\"async\" width=\"37\" height=\"271\" src=\"https:\/\/geodaten.lwk-rlp.de\/wordpress\/wp-content\/uploads\/2023\/10\/zoombar.jpg\" class=\"attachment-large size-large wp-image-371\" alt=\"\" \/>\t\t\t\t\t\t\t\t\t\t\t\t\t\t\t<\/div>\n\t\t\t\t<\/div>\n\t\t<div class=\"elementor-element elementor-element-4d49c14 e-flex e-con-boxed e-con e-child\" data-id=\"4d49c14\" data-element_type=\"container\">\n\t\t\t\t\t<div class=\"e-con-inner\">\n\t\t\t\t<div class=\"elementor-element elementor-element-0cc83fa elementor-widget elementor-widget-text-editor\" data-id=\"0cc83fa\" data-element_type=\"widget\" data-widget_type=\"text-editor.default\">\n\t\t\t\t<div class=\"elementor-widget-container\">\n\t\t\t\t\t\t\t\t\t<h5><img decoding=\"async\" class=\"alignleft wp-image-444 size-full\" src=\"https:\/\/geodaten.lwk-rlp.de\/wordpress\/wp-content\/uploads\/2023\/10\/nav1.jpg\" alt=\"\" width=\"22\" height=\"25\" \/> komplette Ausdehnung anzeigen<\/h5>\n<h5><img decoding=\"async\" class=\"wp-image-445 size-full alignleft\" src=\"https:\/\/geodaten.lwk-rlp.de\/wordpress\/wp-content\/uploads\/2023\/10\/nav2.jpg\" alt=\"\" width=\"21\" height=\"20\" \/> vergr\u00f6\u00dfern<\/h5>\n<h5><img loading=\"lazy\" decoding=\"async\" class=\"alignleft wp-image-446 size-full\" src=\"https:\/\/geodaten.lwk-rlp.de\/wordpress\/wp-content\/uploads\/2023\/10\/nav3.jpg\" alt=\"\" width=\"20\" height=\"20\" \/> verkleinern<\/h5>\n<h5><img loading=\"lazy\" decoding=\"async\" class=\"wp-image-449 size-full alignleft\" src=\"https:\/\/geodaten.lwk-rlp.de\/wordpress\/wp-content\/uploads\/2023\/10\/nav5-1.jpg\" alt=\"\" width=\"24\" height=\"49\" \/> direkt auf Zoomstufe springen \/ Zoomstufenanzeige<\/h5>\n<p>\u00a0<\/p>\t\t\t\t\t\t\t\t<\/div>\n\t\t\t\t<\/div>\n\t\t\t\t\t<\/div>\n\t\t\t\t<\/div>\n\t\t\t\t\t<\/div>\n\t\t\t\t<\/div>\n\t\t<div class=\"elementor-element elementor-element-0d87275 e-flex e-con-boxed e-con e-child\" data-id=\"0d87275\" data-element_type=\"container\">\n\t\t\t\t\t<div class=\"e-con-inner\">\n\t\t\t\t<div class=\"elementor-element elementor-element-3353047 elementor-widget elementor-widget-text-editor\" data-id=\"3353047\" data-element_type=\"widget\" data-widget_type=\"text-editor.default\">\n\t\t\t\t<div class=\"elementor-widget-container\">\n\t\t\t\t\t\t\t\t\t<p><img loading=\"lazy\" decoding=\"async\" class=\"wp-image-462 size-full alignleft\" src=\"https:\/\/geodaten.lwk-rlp.de\/wordpress\/wp-content\/uploads\/2023\/10\/massstab.jpg\" alt=\"\" width=\"219\" height=\"247\" \/>Zus\u00e4tzlich kann der Kartenausschnitt durch wahl eines bestimmten Ma\u00dfstabs ver\u00e4ndert werden<\/p>\t\t\t\t\t\t\t\t<\/div>\n\t\t\t\t<\/div>\n\t\t\t\t\t<\/div>\n\t\t\t\t<\/div>\n\t\t\t\t\t<\/div>\n\t\t\t\t<\/div>\n\t\t\t\t<\/div>\n\t\t","protected":false},"excerpt":{"rendered":"<p>Kartenausschnitt anpassen Vereinfachte Anpassungsm\u00f6glichkeiten: Zoom vergr\u00f6\u00dfern \/ verkleinern per Mausrad Verschieben des Kartenausschnitts durch klick mit linker Maustaste in Karte und halten verschieben in gew\u00fcnschte Richtung komplette Ausdehnung anzeigen vergr\u00f6\u00dfern verkleinern direkt auf Zoomstufe springen \/ Zoomstufenanzeige \u00a0 Zus\u00e4tzlich kann der Kartenausschnitt durch wahl eines bestimmten Ma\u00dfstabs ver\u00e4ndert werden<\/p>\n","protected":false},"author":1,"featured_media":0,"parent":0,"menu_order":0,"comment_status":"closed","ping_status":"closed","template":"","meta":{"ocean_post_layout":"","ocean_both_sidebars_style":"","ocean_both_sidebars_content_width":0,"ocean_both_sidebars_sidebars_width":0,"ocean_sidebar":"","ocean_second_sidebar":"","ocean_disable_margins":"enable","ocean_add_body_class":"","ocean_shortcode_before_top_bar":"","ocean_shortcode_after_top_bar":"","ocean_shortcode_before_header":"","ocean_shortcode_after_header":"","ocean_has_shortcode":"","ocean_shortcode_after_title":"","ocean_shortcode_before_footer_widgets":"","ocean_shortcode_after_footer_widgets":"","ocean_shortcode_before_footer_bottom":"","ocean_shortcode_after_footer_bottom":"","ocean_display_top_bar":"default","ocean_display_header":"default","ocean_header_style":"","ocean_center_header_left_menu":"","ocean_custom_header_template":"","ocean_custom_logo":0,"ocean_custom_retina_logo":0,"ocean_custom_logo_max_width":0,"ocean_custom_logo_tablet_max_width":0,"ocean_custom_logo_mobile_max_width":0,"ocean_custom_logo_max_height":0,"ocean_custom_logo_tablet_max_height":0,"ocean_custom_logo_mobile_max_height":0,"ocean_header_custom_menu":"","ocean_menu_typo_font_family":"","ocean_menu_typo_font_subset":"","ocean_menu_typo_font_size":26,"ocean_menu_typo_font_size_tablet":0,"ocean_menu_typo_font_size_mobile":0,"ocean_menu_typo_font_size_unit":"px","ocean_menu_typo_font_weight":"","ocean_menu_typo_font_weight_tablet":"","ocean_menu_typo_font_weight_mobile":"","ocean_menu_typo_transform":"","ocean_menu_typo_transform_tablet":"","ocean_menu_typo_transform_mobile":"","ocean_menu_typo_line_height":0,"ocean_menu_typo_line_height_tablet":0,"ocean_menu_typo_line_height_mobile":0,"ocean_menu_typo_line_height_unit":"","ocean_menu_typo_spacing":0,"ocean_menu_typo_spacing_tablet":0,"ocean_menu_typo_spacing_mobile":0,"ocean_menu_typo_spacing_unit":"","ocean_menu_link_color":"","ocean_menu_link_color_hover":"","ocean_menu_link_color_active":"","ocean_menu_link_background":"","ocean_menu_link_hover_background":"","ocean_menu_link_active_background":"","ocean_menu_social_links_bg":"","ocean_menu_social_hover_links_bg":"","ocean_menu_social_links_color":"","ocean_menu_social_hover_links_color":"","ocean_disable_title":"default","ocean_disable_heading":"default","ocean_post_title":"","ocean_post_subheading":"","ocean_post_title_style":"","ocean_post_title_background_color":"","ocean_post_title_background":0,"ocean_post_title_bg_image_position":"","ocean_post_title_bg_image_attachment":"","ocean_post_title_bg_image_repeat":"","ocean_post_title_bg_image_size":"","ocean_post_title_height":0,"ocean_post_title_bg_overlay":0.5,"ocean_post_title_bg_overlay_color":"","ocean_disable_breadcrumbs":"default","ocean_breadcrumbs_color":"","ocean_breadcrumbs_separator_color":"","ocean_breadcrumbs_links_color":"","ocean_breadcrumbs_links_hover_color":"","ocean_display_footer_widgets":"default","ocean_display_footer_bottom":"default","ocean_custom_footer_template":"","footnotes":""},"class_list":["post-347","page","type-page","status-publish","hentry","entry"],"_links":{"self":[{"href":"https:\/\/geodaten.lwk-rlp.de\/wordpress\/index.php?rest_route=\/wp\/v2\/pages\/347","targetHints":{"allow":["GET"]}}],"collection":[{"href":"https:\/\/geodaten.lwk-rlp.de\/wordpress\/index.php?rest_route=\/wp\/v2\/pages"}],"about":[{"href":"https:\/\/geodaten.lwk-rlp.de\/wordpress\/index.php?rest_route=\/wp\/v2\/types\/page"}],"author":[{"embeddable":true,"href":"https:\/\/geodaten.lwk-rlp.de\/wordpress\/index.php?rest_route=\/wp\/v2\/users\/1"}],"replies":[{"embeddable":true,"href":"https:\/\/geodaten.lwk-rlp.de\/wordpress\/index.php?rest_route=%2Fwp%2Fv2%2Fcomments&post=347"}],"version-history":[{"count":21,"href":"https:\/\/geodaten.lwk-rlp.de\/wordpress\/index.php?rest_route=\/wp\/v2\/pages\/347\/revisions"}],"predecessor-version":[{"id":986,"href":"https:\/\/geodaten.lwk-rlp.de\/wordpress\/index.php?rest_route=\/wp\/v2\/pages\/347\/revisions\/986"}],"wp:attachment":[{"href":"https:\/\/geodaten.lwk-rlp.de\/wordpress\/index.php?rest_route=%2Fwp%2Fv2%2Fmedia&parent=347"}],"curies":[{"name":"wp","href":"https:\/\/api.w.org\/{rel}","templated":true}]}}