{"id":733,"date":"2024-10-28T11:42:14","date_gmt":"2024-10-28T10:42:14","guid":{"rendered":"http:\/\/192.168.52.53\/wordpress\/?page_id=733"},"modified":"2025-01-28T09:07:00","modified_gmt":"2025-01-28T08:07:00","slug":"messung","status":"publish","type":"page","link":"https:\/\/geodaten.lwk-rlp.de\/wordpress\/?page_id=733","title":{"rendered":"Strecken- und Fl\u00e4chenmessung"},"content":{"rendered":"\t\t<div data-elementor-type=\"wp-page\" data-elementor-id=\"733\" class=\"elementor elementor-733\">\n\t\t\t\t<div class=\"elementor-element elementor-element-eff45e1 e-flex e-con-boxed e-con e-parent\" data-id=\"eff45e1\" data-element_type=\"container\">\n\t\t\t\t\t<div class=\"e-con-inner\">\n\t\t\t\t<div class=\"elementor-element elementor-element-74301a2 elementor-widget elementor-widget-text-editor\" data-id=\"74301a2\" data-element_type=\"widget\" data-widget_type=\"text-editor.default\">\n\t\t\t\t<div class=\"elementor-widget-container\">\n\t\t\t\t\t\t\t\t\t<h4><img decoding=\"async\" class=\"alignleft wp-image-365 size-full\" src=\"https:\/\/geodaten.lwk-rlp.de\/wordpress\/wp-content\/uploads\/2023\/10\/messung-strecke.jpg\" alt=\"\" width=\"35\" height=\"30\" \/> Streckenmessung<\/h4><p>F\u00fcr das Messen einer Linie, werden mit der linken Maustaste St\u00fctzpunkte gesetzt: der erste Klick in die Karte beginnt die Messung. Mit jedem weiteren Klick in die Karte werden der Linie St\u00fctzpunkte hinzugef\u00fcgt. Die gemessene Strecke wird jeweils zwischen einem gesetzten Punkt und dem weiteren St\u00fctzpunkt, sowie auch als die Gesamtsumme der gemessenen Teilstrecken (dick gedruckt) dargestellt. Eine Messung wird durch einen Doppelklick beendet, dann k\u00f6nnen keine weiteren St\u00fctzpunkte hinzugef\u00fcgt werden.<\/p><p><img fetchpriority=\"high\" decoding=\"async\" class=\"wp-image-728 size-full alignnone\" src=\"https:\/\/geodaten.lwk-rlp.de\/wordpress\/wp-content\/uploads\/2024\/10\/gg-linie.png\" alt=\"\" width=\"457\" height=\"309\" srcset=\"https:\/\/geodaten.lwk-rlp.de\/wordpress\/wp-content\/uploads\/2024\/10\/gg-linie.png 457w, https:\/\/geodaten.lwk-rlp.de\/wordpress\/wp-content\/uploads\/2024\/10\/gg-linie-300x203.png 300w\" sizes=\"(max-width: 457px) 100vw, 457px\" \/><\/p><h4 data-wp-editing=\"1\">\u00a0<\/h4><h4 data-wp-editing=\"1\"><img decoding=\"async\" class=\"wp-image-364 size-full alignleft\" src=\"https:\/\/geodaten.lwk-rlp.de\/wordpress\/wp-content\/uploads\/2023\/10\/messung-flaeche.jpg\" alt=\"\" width=\"32\" height=\"29\" \/>Fl\u00e4chenmessung<\/h4><p>Das Messen von Fl\u00e4chen funktioniert sehr \u00e4hnlich. Statt St\u00fctzpunkte einer Linie werden hier die St\u00fctzpunkte eines Polygons (d.h. einer Fl\u00e4che) gesetzt. Das Polygon kann auf zwei verschiedene Arten beendet werden:<br \/>&#8211; entweder mit einem einfachen Klick auf den Startpunkt (nachdem alle St\u00fctzpunkte <br \/>gesetzt wurden) oder<br \/>&#8211; mit einem Doppelklick (anstelle eines einfachen Klicks) am letzten St\u00fctzpunkt<br \/>Nach Abschluss der Messung wird innerhalb des Polygons die Gr\u00f6\u00dfe in Quadratmetern angezeigt. Sie l\u00e4sst sich aber auch in dem ge\u00f6ffneten Fenster des Werkzeugs ablesen.<\/p><p><img loading=\"lazy\" decoding=\"async\" class=\"alignnone wp-image-729 size-full\" src=\"https:\/\/geodaten.lwk-rlp.de\/wordpress\/wp-content\/uploads\/2024\/10\/gg-flaeche.png\" alt=\"\" width=\"510\" height=\"312\" srcset=\"https:\/\/geodaten.lwk-rlp.de\/wordpress\/wp-content\/uploads\/2024\/10\/gg-flaeche.png 510w, https:\/\/geodaten.lwk-rlp.de\/wordpress\/wp-content\/uploads\/2024\/10\/gg-flaeche-300x184.png 300w\" sizes=\"(max-width: 510px) 100vw, 510px\" \/><\/p><p><strong><em>Die Messungen k\u00f6nnen ausgedruckt werden. (Sind im PDF enthalten)<\/em><\/strong><\/p>\t\t\t\t\t\t\t\t<\/div>\n\t\t\t\t<\/div>\n\t\t\t\t\t<\/div>\n\t\t\t\t<\/div>\n\t\t\t\t<\/div>\n\t\t","protected":false},"excerpt":{"rendered":"<p>Streckenmessung F\u00fcr das Messen einer Linie, werden mit der linken Maustaste St\u00fctzpunkte gesetzt: der erste Klick in die Karte beginnt die Messung. Mit jedem weiteren Klick in die Karte werden der Linie St\u00fctzpunkte hinzugef\u00fcgt. Die gemessene Strecke wird jeweils zwischen einem gesetzten Punkt und dem weiteren St\u00fctzpunkt, sowie auch als die Gesamtsumme der gemessenen Teilstrecken [&hellip;]<\/p>\n","protected":false},"author":1,"featured_media":0,"parent":0,"menu_order":0,"comment_status":"closed","ping_status":"closed","template":"","meta":{"ocean_post_layout":"","ocean_both_sidebars_style":"","ocean_both_sidebars_content_width":0,"ocean_both_sidebars_sidebars_width":0,"ocean_sidebar":"","ocean_second_sidebar":"","ocean_disable_margins":"enable","ocean_add_body_class":"","ocean_shortcode_before_top_bar":"","ocean_shortcode_after_top_bar":"","ocean_shortcode_before_header":"","ocean_shortcode_after_header":"","ocean_has_shortcode":"","ocean_shortcode_after_title":"","ocean_shortcode_before_footer_widgets":"","ocean_shortcode_after_footer_widgets":"","ocean_shortcode_before_footer_bottom":"","ocean_shortcode_after_footer_bottom":"","ocean_display_top_bar":"default","ocean_display_header":"default","ocean_header_style":"","ocean_center_header_left_menu":"","ocean_custom_header_template":"","ocean_custom_logo":0,"ocean_custom_retina_logo":0,"ocean_custom_logo_max_width":0,"ocean_custom_logo_tablet_max_width":0,"ocean_custom_logo_mobile_max_width":0,"ocean_custom_logo_max_height":0,"ocean_custom_logo_tablet_max_height":0,"ocean_custom_logo_mobile_max_height":0,"ocean_header_custom_menu":"","ocean_menu_typo_font_family":"","ocean_menu_typo_font_subset":"","ocean_menu_typo_font_size":26,"ocean_menu_typo_font_size_tablet":0,"ocean_menu_typo_font_size_mobile":0,"ocean_menu_typo_font_size_unit":"px","ocean_menu_typo_font_weight":"","ocean_menu_typo_font_weight_tablet":"","ocean_menu_typo_font_weight_mobile":"","ocean_menu_typo_transform":"","ocean_menu_typo_transform_tablet":"","ocean_menu_typo_transform_mobile":"","ocean_menu_typo_line_height":0,"ocean_menu_typo_line_height_tablet":0,"ocean_menu_typo_line_height_mobile":0,"ocean_menu_typo_line_height_unit":"","ocean_menu_typo_spacing":0,"ocean_menu_typo_spacing_tablet":0,"ocean_menu_typo_spacing_mobile":0,"ocean_menu_typo_spacing_unit":"","ocean_menu_link_color":"","ocean_menu_link_color_hover":"","ocean_menu_link_color_active":"","ocean_menu_link_background":"","ocean_menu_link_hover_background":"","ocean_menu_link_active_background":"","ocean_menu_social_links_bg":"","ocean_menu_social_hover_links_bg":"","ocean_menu_social_links_color":"","ocean_menu_social_hover_links_color":"","ocean_disable_title":"default","ocean_disable_heading":"default","ocean_post_title":"","ocean_post_subheading":"","ocean_post_title_style":"","ocean_post_title_background_color":"","ocean_post_title_background":0,"ocean_post_title_bg_image_position":"","ocean_post_title_bg_image_attachment":"","ocean_post_title_bg_image_repeat":"","ocean_post_title_bg_image_size":"","ocean_post_title_height":0,"ocean_post_title_bg_overlay":0.5,"ocean_post_title_bg_overlay_color":"","ocean_disable_breadcrumbs":"default","ocean_breadcrumbs_color":"","ocean_breadcrumbs_separator_color":"","ocean_breadcrumbs_links_color":"","ocean_breadcrumbs_links_hover_color":"","ocean_display_footer_widgets":"default","ocean_display_footer_bottom":"default","ocean_custom_footer_template":"","footnotes":""},"class_list":["post-733","page","type-page","status-publish","hentry","entry"],"_links":{"self":[{"href":"https:\/\/geodaten.lwk-rlp.de\/wordpress\/index.php?rest_route=\/wp\/v2\/pages\/733","targetHints":{"allow":["GET"]}}],"collection":[{"href":"https:\/\/geodaten.lwk-rlp.de\/wordpress\/index.php?rest_route=\/wp\/v2\/pages"}],"about":[{"href":"https:\/\/geodaten.lwk-rlp.de\/wordpress\/index.php?rest_route=\/wp\/v2\/types\/page"}],"author":[{"embeddable":true,"href":"https:\/\/geodaten.lwk-rlp.de\/wordpress\/index.php?rest_route=\/wp\/v2\/users\/1"}],"replies":[{"embeddable":true,"href":"https:\/\/geodaten.lwk-rlp.de\/wordpress\/index.php?rest_route=%2Fwp%2Fv2%2Fcomments&post=733"}],"version-history":[{"count":12,"href":"https:\/\/geodaten.lwk-rlp.de\/wordpress\/index.php?rest_route=\/wp\/v2\/pages\/733\/revisions"}],"predecessor-version":[{"id":998,"href":"https:\/\/geodaten.lwk-rlp.de\/wordpress\/index.php?rest_route=\/wp\/v2\/pages\/733\/revisions\/998"}],"wp:attachment":[{"href":"https:\/\/geodaten.lwk-rlp.de\/wordpress\/index.php?rest_route=%2Fwp%2Fv2%2Fmedia&parent=733"}],"curies":[{"name":"wp","href":"https:\/\/api.w.org\/{rel}","templated":true}]}}