{"id":872,"date":"2024-11-11T14:26:29","date_gmt":"2024-11-11T13:26:29","guid":{"rendered":"http:\/\/192.168.52.53\/wordpress\/?page_id=872"},"modified":"2025-06-10T12:27:44","modified_gmt":"2025-06-10T10:27:44","slug":"geodatendienste","status":"publish","type":"page","link":"https:\/\/geodaten.lwk-rlp.de\/wordpress\/?page_id=872","title":{"rendered":"Geodatendienste \/ Download"},"content":{"rendered":"\t\t<div data-elementor-type=\"wp-page\" data-elementor-id=\"872\" class=\"elementor elementor-872\">\n\t\t\t\t<div class=\"elementor-element elementor-element-3a550f8f e-flex e-con-boxed e-con e-parent\" data-id=\"3a550f8f\" data-element_type=\"container\">\n\t\t\t\t\t<div class=\"e-con-inner\">\n\t\t\t\t<div class=\"elementor-element elementor-element-4df15b0a elementor-widget elementor-widget-text-editor\" data-id=\"4df15b0a\" data-element_type=\"widget\" data-widget_type=\"text-editor.default\">\n\t\t\t\t<div class=\"elementor-widget-container\">\n\t\t\t\t\t\t\t\t\t<h1>\u00a0<\/h1><h3>Folgende WMS-Dienste k\u00f6nnen genutzt werden<\/h3><ul><li><a href=\"https:\/\/geodaten.lwk-rlp.de\/cgi-bin\/qgis_mapserv.fcgi?MAP=\/home\/qgis\/projects\/gg_weinbau_lokal.qgs&amp;SERVICE=WMS&amp;VERSION=1.3.0&amp;REQUEST=GetCapabilities&amp;LAYERS=weinlagen\" target=\"_blank\" rel=\"noopener\">Weinlagen<\/a><\/li><li><a href=\"https:\/\/geodaten.lwk-rlp.de\/cgi-bin\/qgis_mapserv.fcgi?MAP=\/home\/qgis\/projects\/gg_weinbau_lokal.qgs&amp;SERVICE=WMS&amp;VERSION=1.3.0&amp;REQUEST=GetCapabilities&amp;LAYERS=gu\" target=\"_blank\" rel=\"noopener\">Geografischer Ursprung (g.U.)<\/a><\/li><li><a href=\"https:\/\/geodaten.lwk-rlp.de\/cgi-bin\/qgis_mapserv.fcgi?MAP=\/home\/qgis\/projects\/gg_weinbau_lokal.qgs&amp;SERVICE=WMS&amp;VERSION=1.3.0&amp;REQUEST=GetCapabilities&amp;LAYERS=gga\" target=\"_blank\" rel=\"noopener\">Gesch\u00fctze Geografische Angabe (g.g.A.)<\/a><\/li><\/ul><h3>Folgende Daten k\u00f6nnen im GeoJSON-Format runtergeladen werden<\/h3><ul><li><a href=\"https:\/\/geodaten.lwk-rlp.de\/cgi-bin\/qgis_mapserv.fcgi?MAP=\/home\/qgis\/projects\/gg_wfslvermgeo_lokal.qgs&amp;SERVICE=WFS&amp;VERSION=1.3.0&amp;REQUEST=GetFeature&amp;outputFormat=geojson&amp;typeName=weinlagen_recht\" target=\"_blank\" rel=\"noopener\">Weinlagen (WFS)<\/a><\/li><\/ul>\t\t\t\t\t\t\t\t<\/div>\n\t\t\t\t<\/div>\n\t\t\t\t\t<\/div>\n\t\t\t\t<\/div>\n\t\t<div class=\"elementor-element elementor-element-55efc74 e-flex e-con-boxed e-con e-parent\" data-id=\"55efc74\" data-element_type=\"container\">\n\t\t\t\t\t<div class=\"e-con-inner\">\n\t\t\t\t<div class=\"elementor-element elementor-element-9e9fefc elementor-widget-divider--view-line elementor-widget elementor-widget-divider\" data-id=\"9e9fefc\" data-element_type=\"widget\" data-widget_type=\"divider.default\">\n\t\t\t\t<div class=\"elementor-widget-container\">\n\t\t\t\t\t\t\t<div class=\"elementor-divider\">\n\t\t\t<span class=\"elementor-divider-separator\">\n\t\t\t\t\t\t<\/span>\n\t\t<\/div>\n\t\t\t\t\t\t<\/div>\n\t\t\t\t<\/div>\n\t\t\t\t<div class=\"elementor-element elementor-element-7a72dca elementor-widget elementor-widget-text-editor\" data-id=\"7a72dca\" data-element_type=\"widget\" data-widget_type=\"text-editor.default\">\n\t\t\t\t<div class=\"elementor-widget-container\">\n\t\t\t\t\t\t\t\t\t<h1><i>\u00a0<a href=\"https:\/\/geodaten.lwk-rlp.de\/wordpress\/?page_id=868\"><b>&gt;&gt; Nutzungsbedingungen<\/b><\/a><a href=\"https:\/\/geodaten.lwk-rlp.de\/wordpress\/?page_id=868\">\u00a0beachten!<\/a><\/i><\/h1>\t\t\t\t\t\t\t\t<\/div>\n\t\t\t\t<\/div>\n\t\t\t\t\t<\/div>\n\t\t\t\t<\/div>\n\t\t<div class=\"elementor-element elementor-element-36eed7c e-flex e-con-boxed e-con e-parent\" data-id=\"36eed7c\" data-element_type=\"container\">\n\t\t\t\t\t<div class=\"e-con-inner\">\n\t\t\t\t\t<\/div>\n\t\t\t\t<\/div>\n\t\t\t\t<\/div>\n\t\t","protected":false},"excerpt":{"rendered":"<p>\u00a0 Folgende WMS-Dienste k\u00f6nnen genutzt werden Weinlagen Geografischer Ursprung (g.U.) Gesch\u00fctze Geografische Angabe (g.g.A.) Folgende Daten k\u00f6nnen im GeoJSON-Format runtergeladen werden Weinlagen (WFS) \u00a0&gt;&gt; Nutzungsbedingungen\u00a0beachten!<\/p>\n","protected":false},"author":1,"featured_media":0,"parent":0,"menu_order":0,"comment_status":"closed","ping_status":"closed","template":"","meta":{"ocean_post_layout":"","ocean_both_sidebars_style":"","ocean_both_sidebars_content_width":0,"ocean_both_sidebars_sidebars_width":0,"ocean_sidebar":"","ocean_second_sidebar":"","ocean_disable_margins":"enable","ocean_add_body_class":"","ocean_shortcode_before_top_bar":"","ocean_shortcode_after_top_bar":"","ocean_shortcode_before_header":"","ocean_shortcode_after_header":"","ocean_has_shortcode":"","ocean_shortcode_after_title":"","ocean_shortcode_before_footer_widgets":"","ocean_shortcode_after_footer_widgets":"","ocean_shortcode_before_footer_bottom":"","ocean_shortcode_after_footer_bottom":"","ocean_display_top_bar":"default","ocean_display_header":"default","ocean_header_style":"","ocean_center_header_left_menu":"","ocean_custom_header_template":"","ocean_custom_logo":0,"ocean_custom_retina_logo":0,"ocean_custom_logo_max_width":0,"ocean_custom_logo_tablet_max_width":0,"ocean_custom_logo_mobile_max_width":0,"ocean_custom_logo_max_height":0,"ocean_custom_logo_tablet_max_height":0,"ocean_custom_logo_mobile_max_height":0,"ocean_header_custom_menu":"","ocean_menu_typo_font_family":"","ocean_menu_typo_font_subset":"","ocean_menu_typo_font_size":23,"ocean_menu_typo_font_size_tablet":0,"ocean_menu_typo_font_size_mobile":0,"ocean_menu_typo_font_size_unit":"px","ocean_menu_typo_font_weight":"","ocean_menu_typo_font_weight_tablet":"","ocean_menu_typo_font_weight_mobile":"","ocean_menu_typo_transform":"","ocean_menu_typo_transform_tablet":"","ocean_menu_typo_transform_mobile":"","ocean_menu_typo_line_height":0,"ocean_menu_typo_line_height_tablet":0,"ocean_menu_typo_line_height_mobile":0,"ocean_menu_typo_line_height_unit":"","ocean_menu_typo_spacing":0,"ocean_menu_typo_spacing_tablet":0,"ocean_menu_typo_spacing_mobile":0,"ocean_menu_typo_spacing_unit":"","ocean_menu_link_color":"","ocean_menu_link_color_hover":"","ocean_menu_link_color_active":"","ocean_menu_link_background":"","ocean_menu_link_hover_background":"","ocean_menu_link_active_background":"","ocean_menu_social_links_bg":"","ocean_menu_social_hover_links_bg":"","ocean_menu_social_links_color":"","ocean_menu_social_hover_links_color":"","ocean_disable_title":"default","ocean_disable_heading":"default","ocean_post_title":"","ocean_post_subheading":"","ocean_post_title_style":"","ocean_post_title_background_color":"","ocean_post_title_background":0,"ocean_post_title_bg_image_position":"","ocean_post_title_bg_image_attachment":"","ocean_post_title_bg_image_repeat":"","ocean_post_title_bg_image_size":"","ocean_post_title_height":0,"ocean_post_title_bg_overlay":0.5,"ocean_post_title_bg_overlay_color":"","ocean_disable_breadcrumbs":"default","ocean_breadcrumbs_color":"","ocean_breadcrumbs_separator_color":"","ocean_breadcrumbs_links_color":"","ocean_breadcrumbs_links_hover_color":"","ocean_display_footer_widgets":"default","ocean_display_footer_bottom":"default","ocean_custom_footer_template":"","footnotes":""},"class_list":["post-872","page","type-page","status-publish","hentry","entry"],"_links":{"self":[{"href":"https:\/\/geodaten.lwk-rlp.de\/wordpress\/index.php?rest_route=\/wp\/v2\/pages\/872","targetHints":{"allow":["GET"]}}],"collection":[{"href":"https:\/\/geodaten.lwk-rlp.de\/wordpress\/index.php?rest_route=\/wp\/v2\/pages"}],"about":[{"href":"https:\/\/geodaten.lwk-rlp.de\/wordpress\/index.php?rest_route=\/wp\/v2\/types\/page"}],"author":[{"embeddable":true,"href":"https:\/\/geodaten.lwk-rlp.de\/wordpress\/index.php?rest_route=\/wp\/v2\/users\/1"}],"replies":[{"embeddable":true,"href":"https:\/\/geodaten.lwk-rlp.de\/wordpress\/index.php?rest_route=%2Fwp%2Fv2%2Fcomments&post=872"}],"version-history":[{"count":29,"href":"https:\/\/geodaten.lwk-rlp.de\/wordpress\/index.php?rest_route=\/wp\/v2\/pages\/872\/revisions"}],"predecessor-version":[{"id":1098,"href":"https:\/\/geodaten.lwk-rlp.de\/wordpress\/index.php?rest_route=\/wp\/v2\/pages\/872\/revisions\/1098"}],"wp:attachment":[{"href":"https:\/\/geodaten.lwk-rlp.de\/wordpress\/index.php?rest_route=%2Fwp%2Fv2%2Fmedia&parent=872"}],"curies":[{"name":"wp","href":"https:\/\/api.w.org\/{rel}","templated":true}]}}